{"id":187,"date":"2026-05-14T04:16:23","date_gmt":"2026-05-14T04:16:23","guid":{"rendered":"https:\/\/taphoafnb.com\/?post_type=product&#038;p=187"},"modified":"2026-05-14T04:27:13","modified_gmt":"2026-05-14T04:27:13","slug":"ly-giay-2","status":"publish","type":"product","link":"https:\/\/taphoafnb.com\/?product=ly-giay-2","title":{"rendered":"Ly Gi\u1ea5y"},"content":{"rendered":"<p>Ly gi\u1ea5y \u0111\u01b0\u1ee3c l\u00e0m t\u1eeb ch\u1ea5t li\u1ec7u gi\u1ea5y cao c\u1ea5p, an to\u00e0n cho s\u1ee9c kh\u1ecfe, ph\u00f9 h\u1ee3p s\u1eed d\u1ee5ng cho \u0111\u1ed3 u\u1ed1ng n\u00f3ng v\u00e0 l\u1ea1nh. Thi\u1ebft k\u1ebf ch\u1eafc ch\u1eafn, ch\u1ed1ng th\u1ea5m t\u1ed1t, mang l\u1ea1i tr\u1ea3i nghi\u1ec7m ti\u1ec7n l\u1ee3i cho qu\u00e1n c\u00e0 ph\u00ea, tr\u00e0 s\u1eefa, nh\u00e0 h\u00e0ng ho\u1eb7c s\u1eed d\u1ee5ng h\u1eb1ng ng\u00e0y.<\/p>\n<p><strong>\u0110\u1eb7c \u0111i\u1ec3m n\u1ed5i b\u1eadt:<\/strong><\/p>\n<ul>\n<li>Ch\u1ea5t li\u1ec7u gi\u1ea5y b\u1ec1n \u0111\u1eb9p, th\u00e2n thi\u1ec7n m\u00f4i tr\u01b0\u1eddng<\/li>\n<li>Ch\u1ed1ng th\u1ea5m hi\u1ec7u qu\u1ea3, h\u1ea1n ch\u1ebf m\u1ec1m ly<\/li>\n<li>Ph\u00f9 h\u1ee3p cho c\u00e0 ph\u00ea, tr\u00e0 s\u1eefa, n\u01b0\u1edbc ng\u1ecd<br \/>\nTh\u00edch h\u1ee3p cho qu\u00e1n \u0111\u1ed3 u\u1ed1ng, v\u0103n ph\u00f2ng, s\u1ef1 ki\u1ec7n, ti\u1ec7c sinh nh\u1eadt ho\u1eb7c mang \u0111i.<\/li>\n<\/ul>\n<ul>\n<li>t, sinh t\u1ed1\u2026<\/li>\n<li>Thi\u1ebft k\u1ebf hi\u1ec7n \u0111\u1ea1i, d\u1ec5 c\u1ea7m n\u1eafm<\/li>\n<li>Nhi\u1ec1u dung t\u00edch ph\u00f9 h\u1ee3p nhu c\u1ea7u s\u1eed d\u1ee5ng<\/li>\n<\/ul>\n<p>Cam k\u1ebft s\u1ea3n ph\u1ea9m ch\u1ea5t l\u01b0\u1ee3ng v\u1edbi gi\u00e1 th\u00e0nh h\u1ee3p l\u00fd.<\/p>\n","protected":false},"excerpt":{"rendered":"<p>Ly gi\u1ea5y \u0111\u01b0\u1ee3c l\u00e0m t\u1eeb ch\u1ea5t li\u1ec7u gi\u1ea5y cao c\u1ea5p, an to\u00e0n cho s\u1ee9c kh\u1ecfe, ph\u00f9 h\u1ee3p s\u1eed d\u1ee5ng cho \u0111\u1ed3 u\u1ed1ng n\u00f3ng v\u00e0 l\u1ea1nh. Thi\u1ebft k\u1ebf ch\u1eafc ch\u1eafn, ch\u1ed1ng th\u1ea5m t\u1ed1t, mang l\u1ea1i tr\u1ea3i nghi\u1ec7m ti\u1ec7n l\u1ee3i cho qu\u00e1n c\u00e0 ph\u00ea, tr\u00e0 s\u1eefa, nh\u00e0 h\u00e0ng ho\u1eb7c s\u1eed d\u1ee5ng h\u1eb1ng ng\u00e0y. \u0110\u1eb7c \u0111i\u1ec3m n\u1ed5i b\u1eadt: [&hellip;]<\/p>\n","protected":false},"featured_media":150,"comment_status":"open","ping_status":"closed","template":"","meta":[],"product_brand":[],"product_cat":[24],"product_tag":[],"class_list":{"0":"post-187","1":"product","2":"type-product","3":"status-publish","4":"has-post-thumbnail","6":"product_cat-ly-giay","8":"first","9":"instock","10":"shipping-taxable","11":"purchasable","12":"product-type-variable"},"_links":{"self":[{"href":"https:\/\/taphoafnb.com\/index.php?rest_route=\/wp\/v2\/product\/187","targetHints":{"allow":["GET"]}}],"collection":[{"href":"https:\/\/taphoafnb.com\/index.php?rest_route=\/wp\/v2\/product"}],"about":[{"href":"https:\/\/taphoafnb.com\/index.php?rest_route=\/wp\/v2\/types\/product"}],"replies":[{"embeddable":true,"href":"https:\/\/taphoafnb.com\/index.php?rest_route=%2Fwp%2Fv2%2Fcomments&post=187"}],"wp:featuredmedia":[{"embeddable":true,"href":"https:\/\/taphoafnb.com\/index.php?rest_route=\/wp\/v2\/media\/150"}],"wp:attachment":[{"href":"https:\/\/taphoafnb.com\/index.php?rest_route=%2Fwp%2Fv2%2Fmedia&parent=187"}],"wp:term":[{"taxonomy":"product_brand","embeddable":true,"href":"https:\/\/taphoafnb.com\/index.php?rest_route=%2Fwp%2Fv2%2Fproduct_brand&post=187"},{"taxonomy":"product_cat","embeddable":true,"href":"https:\/\/taphoafnb.com\/index.php?rest_route=%2Fwp%2Fv2%2Fproduct_cat&post=187"},{"taxonomy":"product_tag","embeddable":true,"href":"https:\/\/taphoafnb.com\/index.php?rest_route=%2Fwp%2Fv2%2Fproduct_tag&post=187"}],"curies":[{"name":"wp","href":"https:\/\/api.w.org\/{rel}","templated":true}]}}